{"id":3608,"date":"2024-03-08T12:49:08","date_gmt":"2024-03-08T11:49:08","guid":{"rendered":"https:\/\/www.schandlwein.com\/en\/?post_type=product&#038;p=3608"},"modified":"2025-01-30T13:17:10","modified_gmt":"2025-01-30T12:17:10","slug":"blaufrankisch-ried-kreften-22","status":"publish","type":"product","link":"https:\/\/www.schandlwein.com\/en\/shop\/blaufrankisch-ried-kreften-22\/","title":{"rendered":"Blaufr\u00e4nkisch Ried Kreften 2022"},"content":{"rendered":"<h3>We use the most beautiful Blaufr\u00e4nkisch grapes to press the Blaufr\u00e4nkisch Ried Kreften.<\/h3>\n<p><strong>Variety:<\/strong> Blaufr\u00e4nkisch<br \/>\nThe Blaufr\u00e4nkisch is a late ripening red grape variety that is widespread in Austria. Its wines are delicately racy with a fruity scent; they are at their top form between the second and the fourth year of storage.<\/p>\n<p><strong>Tasting:<\/strong> almost black with violet reflections, fine roast aromas, very aromatic, fruity and elegant, full of finesse, cherry, persistent.<\/p>\n<p><strong>Best served with:<\/strong> pasta dishes, fried duck, saddle of venison medallions with cinnamon cherries, almond souffl\u00e9 with cinnamon prunes, fried celery.<\/p>\n","protected":false},"excerpt":{"rendered":"<p>We use the most beautiful Blaufr\u00e4nkisch grapes to press the Blaufr\u00e4nkisch Ried Kreften. Variety: Blaufr\u00e4nkisch The Blaufr\u00e4nkisch is a late ripening red grape variety that is widespread in Austria. Its&#8230;<\/p>\n","protected":false},"featured_media":2590,"template":"","meta":{"_acf_changed":false},"product_brand":[],"product_cat":[119,118],"product_tag":[246,74,82,104,111,113,115],"class_list":{"0":"post-3608","1":"product","2":"type-product","3":"status-publish","4":"has-post-thumbnail","6":"product_cat-redwine","7":"product_cat-bottles","8":"product_tag-246","9":"product_tag-blaufraenkisch","10":"product_tag-emphasizes-fruity","11":"product_tag-ried-kreften","12":"product_tag-strong-ruby-red","13":"product_tag-dry","14":"product_tag-full-bodied","15":"has-color","17":"first","18":"instock","19":"taxable","20":"shipping-taxable","21":"purchasable","22":"product-type-simple"},"bundled_by":["3634"],"bundle_stock_status":"instock","bundle_stock_quantity":null,"bundle_virtual":false,"bundle_layout":"","bundle_add_to_cart_form_location":"","bundle_editable_in_cart":false,"bundle_sold_individually_context":"","bundle_item_grouping":"","bundle_min_size":"","bundle_max_size":"","bundle_price":[],"bundled_items":[],"bundle_sell_ids":[],"acf":[],"_links":{"self":[{"href":"https:\/\/www.schandlwein.com\/en\/wp-json\/wp\/v2\/product\/3608","targetHints":{"allow":["GET"]}}],"collection":[{"href":"https:\/\/www.schandlwein.com\/en\/wp-json\/wp\/v2\/product"}],"about":[{"href":"https:\/\/www.schandlwein.com\/en\/wp-json\/wp\/v2\/types\/product"}],"wp:featuredmedia":[{"embeddable":true,"href":"https:\/\/www.schandlwein.com\/en\/wp-json\/wp\/v2\/media\/2590"}],"wp:attachment":[{"href":"https:\/\/www.schandlwein.com\/en\/wp-json\/wp\/v2\/media?parent=3608"}],"wp:term":[{"taxonomy":"product_brand","embeddable":true,"href":"https:\/\/www.schandlwein.com\/en\/wp-json\/wp\/v2\/product_brand?post=3608"},{"taxonomy":"product_cat","embeddable":true,"href":"https:\/\/www.schandlwein.com\/en\/wp-json\/wp\/v2\/product_cat?post=3608"},{"taxonomy":"product_tag","embeddable":true,"href":"https:\/\/www.schandlwein.com\/en\/wp-json\/wp\/v2\/product_tag?post=3608"}],"curies":[{"name":"wp","href":"https:\/\/api.w.org\/{rel}","templated":true}]}}